{"id":14,"date":"2021-11-21T15:14:19","date_gmt":"2021-11-21T15:14:19","guid":{"rendered":"https:\/\/jncimmitax.com\/about\/"},"modified":"2026-02-12T09:34:13","modified_gmt":"2026-02-12T17:34:13","slug":"about","status":"publish","type":"page","link":"https:\/\/jncimmitax.com\/es\/about\/","title":{"rendered":"Sobre\nNosotros"},"content":{"rendered":"<div data-elementor-type=\"wp-page\" data-elementor-id=\"14\" class=\"elementor elementor-14\">\n\t\t\t\t\t\t\t\t\t<section class=\"elementor-section elementor-top-section elementor-element elementor-element-c8ddeb6 elementor-section-height-min-height elementor-section-boxed elementor-section-height-default elementor-section-items-middle\" data-id=\"c8ddeb6\" data-element_type=\"section\" data-settings=\"{&quot;background_background&quot;:&quot;classic&quot;}\">\n\t\t\t\t\t\t\t<div class=\"elementor-background-overlay\"><\/div>\n\t\t\t\t\t\t\t<div class=\"elementor-container elementor-column-gap-default\">\n\t\t\t\t\t<div class=\"elementor-column elementor-col-100 elementor-top-column elementor-element elementor-element-6a5337e\" data-id=\"6a5337e\" data-element_type=\"column\">\n\t\t\t<div class=\"elementor-widget-wrap elementor-element-populated\">\n\t\t\t\t\t\t\t\t<div class=\"elementor-element elementor-element-feefb6c elementor-widget elementor-widget-heading\" data-id=\"feefb6c\" data-element_type=\"widget\" data-widget_type=\"heading.default\">\n\t\t\t\t<div class=\"elementor-widget-container\">\n\t\t\t<style>\/*! elementor - v3.12.1 - 02-04-2023 *\/\n.elementor-heading-title{padding:0;margin:0;line-height:1}.elementor-widget-heading .elementor-heading-title[class*=elementor-size-]>a{color:inherit;font-size:inherit;line-height:inherit}.elementor-widget-heading .elementor-heading-title.elementor-size-small{font-size:15px}.elementor-widget-heading .elementor-heading-title.elementor-size-medium{font-size:19px}.elementor-widget-heading .elementor-heading-title.elementor-size-large{font-size:29px}.elementor-widget-heading .elementor-heading-title.elementor-size-xl{font-size:39px}.elementor-widget-heading .elementor-heading-title.elementor-size-xxl{font-size:59px}<\/style><h1 class=\"elementor-heading-title elementor-size-default\">Sobre Nosotros<\/h1>\t\t<\/div>\n\t\t\t\t<\/div>\n\t\t\t\t\t<\/div>\n\t\t<\/div>\n\t\t\t\t\t\t\t<\/div>\n\t\t<\/section>\n\t\t\t\t<section class=\"elementor-section elementor-top-section elementor-element elementor-element-034f786 elementor-section-boxed elementor-section-height-default elementor-section-height-default\" data-id=\"034f786\" data-element_type=\"section\">\n\t\t\t\t\t\t<div class=\"elementor-container elementor-column-gap-default\">\n\t\t\t\t\t<div class=\"elementor-column elementor-col-100 elementor-top-column elementor-element elementor-element-ba0c118\" data-id=\"ba0c118\" data-element_type=\"column\">\n\t\t\t<div class=\"elementor-widget-wrap elementor-element-populated\">\n\t\t\t\t\t\t\t\t<div class=\"elementor-element elementor-element-3dc998b elementor-widget elementor-widget-heading\" data-id=\"3dc998b\" data-element_type=\"widget\" data-widget_type=\"heading.default\">\n\t\t\t\t<div class=\"elementor-widget-container\">\n\t\t\t<h4 class=\"elementor-heading-title elementor-size-default\">\"Como empresa familiar, ponemos un gran \u00e9nfasis en construir relaciones personales con nuestros clientes\"<\/h4>\t\t<\/div>\n\t\t\t\t<\/div>\n\t\t\t\t<div class=\"elementor-element elementor-element-9fdb291 elementor-widget elementor-widget-image\" data-id=\"9fdb291\" data-element_type=\"widget\" data-widget_type=\"image.default\">\n\t\t\t\t<div class=\"elementor-widget-container\">\n\t\t\t<style>\/*! elementor - v3.12.1 - 02-04-2023 *\/\n.elementor-widget-image{text-align:center}.elementor-widget-image a{display:inline-block}.elementor-widget-image a img[src$=\".svg\"]{width:48px}.elementor-widget-image img{vertical-align:middle;display:inline-block}<\/style>\t\t\t\t\t\t\t\t\t\t\t\t<img decoding=\"async\" width=\"1170\" height=\"600\" src=\"https:\/\/jncimmitax.com\/wp-content\/uploads\/2023\/04\/My-project-1-14.jpg\" class=\"attachment-full size-full wp-image-1561\" alt=\"\" loading=\"lazy\" srcset=\"https:\/\/jncimmitax.com\/wp-content\/uploads\/2023\/04\/My-project-1-14.jpg 1170w, https:\/\/jncimmitax.com\/wp-content\/uploads\/2023\/04\/My-project-1-14-300x154.jpg 300w, https:\/\/jncimmitax.com\/wp-content\/uploads\/2023\/04\/My-project-1-14-1024x525.jpg 1024w, https:\/\/jncimmitax.com\/wp-content\/uploads\/2023\/04\/My-project-1-14-768x394.jpg 768w, https:\/\/jncimmitax.com\/wp-content\/uploads\/2023\/04\/My-project-1-14-18x9.jpg 18w\" sizes=\"(max-width: 1170px) 100vw, 1170px\" \/>\t\t\t\t\t\t\t\t\t\t\t\t\t\t\t<\/div>\n\t\t\t\t<\/div>\n\t\t\t\t<section class=\"elementor-section elementor-inner-section elementor-element elementor-element-d762106 elementor-section-boxed elementor-section-height-default elementor-section-height-default\" data-id=\"d762106\" data-element_type=\"section\">\n\t\t\t\t\t\t<div class=\"elementor-container elementor-column-gap-default\">\n\t\t\t\t\t<div class=\"elementor-column elementor-col-50 elementor-inner-column elementor-element elementor-element-08ec54c\" data-id=\"08ec54c\" data-element_type=\"column\">\n\t\t\t<div class=\"elementor-widget-wrap elementor-element-populated\">\n\t\t\t\t\t\t\t\t<div class=\"elementor-element elementor-element-d35be41 elementor-widget elementor-widget-heading\" data-id=\"d35be41\" data-element_type=\"widget\" data-widget_type=\"heading.default\">\n\t\t\t\t<div class=\"elementor-widget-container\">\n\t\t\t<h3 class=\"elementor-heading-title elementor-size-default\">Nuestra Misi\u00f3n<\/h3>\t\t<\/div>\n\t\t\t\t<\/div>\n\t\t\t\t<div class=\"elementor-element elementor-element-8fa3d11 elementor-widget elementor-widget-text-editor\" data-id=\"8fa3d11\" data-element_type=\"widget\" data-widget_type=\"text-editor.default\">\n\t\t\t\t<div class=\"elementor-widget-container\">\n\t\t\t<style>\/*! elementor - v3.12.1 - 02-04-2023 *\/\n.elementor-widget-text-editor.elementor-drop-cap-view-stacked .elementor-drop-cap{background-color:#69727d;color:#fff}.elementor-widget-text-editor.elementor-drop-cap-view-framed .elementor-drop-cap{color:#69727d;border:3px solid;background-color:transparent}.elementor-widget-text-editor:not(.elementor-drop-cap-view-default) .elementor-drop-cap{margin-top:8px}.elementor-widget-text-editor:not(.elementor-drop-cap-view-default) .elementor-drop-cap-letter{width:1em;height:1em}.elementor-widget-text-editor .elementor-drop-cap{float:left;text-align:center;line-height:1;font-size:50px}.elementor-widget-text-editor .elementor-drop-cap-letter{display:inline-block}<\/style>\t\t\t\t<p>Estamos comprometidos a ayudar a los clientes con servicios integrales de inmigraci\u00f3n, impuestos y judiciales, generando confianza con atenci\u00f3n y soluciones personalizadas. Nuestra misi\u00f3n es ayudar a los clientes a alcanzar sus objetivos y generar una confianza duradera.<\/p>\t\t\t\t\t\t<\/div>\n\t\t\t\t<\/div>\n\t\t\t\t\t<\/div>\n\t\t<\/div>\n\t\t\t\t<div class=\"elementor-column elementor-col-50 elementor-inner-column elementor-element elementor-element-d30d7a1\" data-id=\"d30d7a1\" data-element_type=\"column\">\n\t\t\t<div class=\"elementor-widget-wrap elementor-element-populated\">\n\t\t\t\t\t\t\t\t<div class=\"elementor-element elementor-element-6260bc9 elementor-widget elementor-widget-heading\" data-id=\"6260bc9\" data-element_type=\"widget\" data-widget_type=\"heading.default\">\n\t\t\t\t<div class=\"elementor-widget-container\">\n\t\t\t<h3 class=\"elementor-heading-title elementor-size-default\">Nuestros Valores<\/h3>\t\t<\/div>\n\t\t\t\t<\/div>\n\t\t\t\t<div class=\"elementor-element elementor-element-3a99000 elementor-widget elementor-widget-text-editor\" data-id=\"3a99000\" data-element_type=\"widget\" data-widget_type=\"text-editor.default\">\n\t\t\t\t<div class=\"elementor-widget-container\">\n\t\t\t\t\t\t\t<p>En nuestra empresa, creemos que la transparencia, la honestidad y la confianza son cruciales para cada relaci\u00f3n que construimos, desde nuestros clientes hasta nuestro equipo.<\/p>\t\t\t\t\t\t<\/div>\n\t\t\t\t<\/div>\n\t\t\t\t\t<\/div>\n\t\t<\/div>\n\t\t\t\t\t\t\t<\/div>\n\t\t<\/section>\n\t\t\t\t\t<\/div>\n\t\t<\/div>\n\t\t\t\t\t\t\t<\/div>\n\t\t<\/section>\n\t\t\t\t<section class=\"elementor-section elementor-top-section elementor-element elementor-element-e889fc3 elementor-section-boxed elementor-section-height-default elementor-section-height-default\" data-id=\"e889fc3\" data-element_type=\"section\" data-settings=\"{&quot;background_background&quot;:&quot;classic&quot;}\">\n\t\t\t\t\t\t<div class=\"elementor-container elementor-column-gap-default\">\n\t\t\t\t\t<div class=\"elementor-column elementor-col-33 elementor-top-column elementor-element elementor-element-3c8f4a8\" data-id=\"3c8f4a8\" data-element_type=\"column\">\n\t\t\t<div class=\"elementor-widget-wrap\">\n\t\t\t\t\t\t\t\t\t<\/div>\n\t\t<\/div>\n\t\t\t\t<div class=\"elementor-column elementor-col-33 elementor-top-column elementor-element elementor-element-ebb2ba7\" data-id=\"ebb2ba7\" data-element_type=\"column\">\n\t\t\t<div class=\"elementor-widget-wrap elementor-element-populated\">\n\t\t\t\t\t\t\t\t<div class=\"elementor-element elementor-element-14b6458 elementor-widget elementor-widget-image\" data-id=\"14b6458\" data-element_type=\"widget\" data-widget_type=\"image.default\">\n\t\t\t\t<div class=\"elementor-widget-container\">\n\t\t\t\t\t\t\t\t\t\t\t\t\t\t\t<img decoding=\"async\" src=\"https:\/\/jncimmitax.com\/wp-content\/uploads\/2021\/11\/quotes.svg\" class=\"attachment-full size-full wp-image-117\" alt=\"\" loading=\"lazy\" \/>\t\t\t\t\t\t\t\t\t\t\t\t\t\t\t<\/div>\n\t\t\t\t<\/div>\n\t\t\t\t<div class=\"elementor-element elementor-element-beb0353 elementor-widget elementor-widget-heading\" data-id=\"beb0353\" data-element_type=\"widget\" data-widget_type=\"heading.default\">\n\t\t\t\t<div class=\"elementor-widget-container\">\n\t\t\t<h4 class=\"elementor-heading-title elementor-size-default\">\u201cGracias por tomarse el tiempo de considerarnos para su proceso. Esperamos poder ayudarte pronto\u201d.<\/h4>\t\t<\/div>\n\t\t\t\t<\/div>\n\t\t\t\t<div class=\"elementor-element elementor-element-4e74ae5 elementor-widget elementor-widget-image\" data-id=\"4e74ae5\" data-element_type=\"widget\" data-widget_type=\"image.default\">\n\t\t\t\t<div class=\"elementor-widget-container\">\n\t\t\t\t\t\t\t\t\t\t\t\t\t\t\t<img decoding=\"async\" width=\"127\" height=\"127\" src=\"https:\/\/jncimmitax.com\/wp-content\/uploads\/2023\/04\/My-project-1-15.jpg\" class=\"attachment-full size-full wp-image-1562\" alt=\"\" loading=\"lazy\" srcset=\"https:\/\/jncimmitax.com\/wp-content\/uploads\/2023\/04\/My-project-1-15.jpg 127w, https:\/\/jncimmitax.com\/wp-content\/uploads\/2023\/04\/My-project-1-15-12x12.jpg 12w\" sizes=\"(max-width: 127px) 100vw, 127px\" \/>\t\t\t\t\t\t\t\t\t\t\t\t\t\t\t<\/div>\n\t\t\t\t<\/div>\n\t\t\t\t<div class=\"elementor-element elementor-element-ec91cfa elementor-widget elementor-widget-text-editor\" data-id=\"ec91cfa\" data-element_type=\"widget\" data-widget_type=\"text-editor.default\">\n\t\t\t\t<div class=\"elementor-widget-container\">\n\t\t\t\t\t\t\t<p>Jasmine C.<\/p><p>Consultora de Inmigraci\u00f3n<\/p><p>\u00a0<\/p>\t\t\t\t\t\t<\/div>\n\t\t\t\t<\/div>\n\t\t\t\t\t<\/div>\n\t\t<\/div>\n\t\t\t\t<div class=\"elementor-column elementor-col-33 elementor-top-column elementor-element elementor-element-9e16007\" data-id=\"9e16007\" data-element_type=\"column\">\n\t\t\t<div class=\"elementor-widget-wrap\">\n\t\t\t\t\t\t\t\t\t<\/div>\n\t\t<\/div>\n\t\t\t\t\t\t\t<\/div>\n\t\t<\/section>\n\t\t\t\t\t\t\t<\/div>","protected":false},"excerpt":{"rendered":"<p>about us &#8221; As Family-based business we often place a strong emphasis on building personal relationships with our clients&#8221; Our Mission We are committed to assisting clients with comprehensive immigration, tax and court services, building trust with personalized attention and solutions. Our mission is to help clients achieve their goals and build lasting trust. Our &hellip;<\/p>\n<p class=\"read-more\"> <a class=\"\" href=\"https:\/\/jncimmitax.com\/es\/about\/\"> <span class=\"screen-reader-text\">Sobre\nNosotros<\/span> Leer m\u00e1s &raquo;<\/a><\/p>","protected":false},"author":1,"featured_media":1443,"parent":0,"menu_order":0,"comment_status":"closed","ping_status":"closed","template":"","meta":{"site-sidebar-layout":"no-sidebar","site-content-layout":"page-builder","ast-global-header-display":"","ast-main-header-display":"","ast-hfb-above-header-display":"","ast-hfb-below-header-display":"","ast-hfb-mobile-header-display":"","site-post-title":"disabled","ast-breadcrumbs-content":"","ast-featured-img":"disabled","footer-sml-layout":"","theme-transparent-header-meta":"enabled","adv-header-id-meta":"","stick-header-meta":"","header-above-stick-meta":"","header-main-stick-meta":"","header-below-stick-meta":""},"yoast_head":"<!-- This site is optimized with the Yoast SEO plugin v20.4 - https:\/\/yoast.com\/wordpress\/plugins\/seo\/ -->\n<title>About - JNC | Legal Document Preparation Services in USA<\/title>\n<meta name=\"description\" content=\"At JNC Legal Document Preparation, we are proud to be a family-based business. We look forward to the opportunity to serve you and your family.\" \/>\n<meta name=\"robots\" content=\"index, follow, max-snippet:-1, max-image-preview:large, max-video-preview:-1\" \/>\n<link rel=\"canonical\" href=\"https:\/\/jncimmitax.com\/es\/about\/\" \/>\n<meta property=\"og:locale\" content=\"es_MX\" \/>\n<meta property=\"og:type\" content=\"article\" \/>\n<meta property=\"og:title\" content=\"About - JNC | Legal Document Preparation Services in USA\" \/>\n<meta property=\"og:description\" content=\"At JNC Legal Document Preparation, we are proud to be a family-based business. We look forward to the opportunity to serve you and your family.\" \/>\n<meta property=\"og:url\" content=\"https:\/\/jncimmitax.com\/es\/about\/\" \/>\n<meta property=\"og:site_name\" content=\"JNC | Legal Document Preparation Services in USA\" \/>\n<meta property=\"article:publisher\" content=\"https:\/\/www.facebook.com\/jncimmigration\" \/>\n<meta property=\"article:modified_time\" content=\"2026-02-12T17:34:13+00:00\" \/>\n<meta property=\"og:image\" content=\"http:\/\/jncimmitax.com\/wp-content\/uploads\/2023\/03\/My-project-1-6.jpg\" \/>\n\t<meta property=\"og:image:width\" content=\"470\" \/>\n\t<meta property=\"og:image:height\" content=\"570\" \/>\n\t<meta property=\"og:image:type\" content=\"image\/jpeg\" \/>\n<meta name=\"twitter:card\" content=\"summary_large_image\" \/>\n<meta name=\"twitter:label1\" content=\"Tiempo de lectura\" \/>\n\t<meta name=\"twitter:data1\" content=\"2 minutos\" \/>\n<script type=\"application\/ld+json\" class=\"yoast-schema-graph\">{\"@context\":\"https:\/\/schema.org\",\"@graph\":[{\"@type\":\"WebPage\",\"@id\":\"https:\/\/jncimmitax.com\/about\/\",\"url\":\"https:\/\/jncimmitax.com\/about\/\",\"name\":\"About - JNC | Legal Document Preparation Services in USA\",\"isPartOf\":{\"@id\":\"https:\/\/jncimmitax.com\/#website\"},\"datePublished\":\"2021-11-21T15:14:19+00:00\",\"dateModified\":\"2026-02-12T17:34:13+00:00\",\"description\":\"At JNC Legal Document Preparation, we are proud to be a family-based business. We look forward to the opportunity to serve you and your family.\",\"breadcrumb\":{\"@id\":\"https:\/\/jncimmitax.com\/about\/#breadcrumb\"},\"inLanguage\":\"es-MX\",\"potentialAction\":[{\"@type\":\"ReadAction\",\"target\":[\"https:\/\/jncimmitax.com\/about\/\"]}]},{\"@type\":\"BreadcrumbList\",\"@id\":\"https:\/\/jncimmitax.com\/about\/#breadcrumb\",\"itemListElement\":[{\"@type\":\"ListItem\",\"position\":1,\"name\":\"Inicio\",\"item\":\"https:\/\/jncimmitax.com\/\"},{\"@type\":\"ListItem\",\"position\":2,\"name\":\"About\"}]},{\"@type\":\"WebSite\",\"@id\":\"https:\/\/jncimmitax.com\/#website\",\"url\":\"https:\/\/jncimmitax.com\/\",\"name\":\"JNC | Legal Document Preparation Services in USA\",\"description\":\"Family owned business, we provide Immigration forms preparation, Court Document preparation and Income Tax\",\"publisher\":{\"@id\":\"https:\/\/jncimmitax.com\/#organization\"},\"potentialAction\":[{\"@type\":\"SearchAction\",\"target\":{\"@type\":\"EntryPoint\",\"urlTemplate\":\"https:\/\/jncimmitax.com\/?s={search_term_string}\"},\"query-input\":\"required name=search_term_string\"}],\"inLanguage\":\"es-MX\"},{\"@type\":\"Organization\",\"@id\":\"https:\/\/jncimmitax.com\/#organization\",\"name\":\"JNC | Legal Document Preparation Services in USA\",\"url\":\"https:\/\/jncimmitax.com\/\",\"logo\":{\"@type\":\"ImageObject\",\"inLanguage\":\"es-MX\",\"@id\":\"https:\/\/jncimmitax.com\/#\/schema\/logo\/image\/\",\"url\":\"https:\/\/jncimmitax.com\/wp-content\/uploads\/2021\/11\/logo-green.svg\",\"contentUrl\":\"https:\/\/jncimmitax.com\/wp-content\/uploads\/2021\/11\/logo-green.svg\",\"width\":86,\"height\":72,\"caption\":\"JNC | Legal Document Preparation Services in USA\"},\"image\":{\"@id\":\"https:\/\/jncimmitax.com\/#\/schema\/logo\/image\/\"},\"sameAs\":[\"https:\/\/www.facebook.com\/jncimmigration\",\"https:\/\/www.instagram.com\/jncimmitax\"]}]}<\/script>\n<!-- \/ Yoast SEO plugin. -->","yoast_head_json":{"title":"About - JNC | Legal Document Preparation Services in USA","description":"At JNC Legal Document Preparation, we are proud to be a family-based business. We look forward to the opportunity to serve you and your family.","robots":{"index":"index","follow":"follow","max-snippet":"max-snippet:-1","max-image-preview":"max-image-preview:large","max-video-preview":"max-video-preview:-1"},"canonical":"https:\/\/jncimmitax.com\/es\/about\/","og_locale":"es_MX","og_type":"article","og_title":"About - JNC | Legal Document Preparation Services in USA","og_description":"At JNC Legal Document Preparation, we are proud to be a family-based business. We look forward to the opportunity to serve you and your family.","og_url":"https:\/\/jncimmitax.com\/es\/about\/","og_site_name":"JNC | Legal Document Preparation Services in USA","article_publisher":"https:\/\/www.facebook.com\/jncimmigration","article_modified_time":"2026-02-12T17:34:13+00:00","og_image":[{"width":470,"height":570,"url":"http:\/\/jncimmitax.com\/wp-content\/uploads\/2023\/03\/My-project-1-6.jpg","type":"image\/jpeg"}],"twitter_card":"summary_large_image","twitter_misc":{"Tiempo de lectura":"2 minutos"},"schema":{"@context":"https:\/\/schema.org","@graph":[{"@type":"WebPage","@id":"https:\/\/jncimmitax.com\/about\/","url":"https:\/\/jncimmitax.com\/about\/","name":"About - JNC | Legal Document Preparation Services in USA","isPartOf":{"@id":"https:\/\/jncimmitax.com\/#website"},"datePublished":"2021-11-21T15:14:19+00:00","dateModified":"2026-02-12T17:34:13+00:00","description":"At JNC Legal Document Preparation, we are proud to be a family-based business. We look forward to the opportunity to serve you and your family.","breadcrumb":{"@id":"https:\/\/jncimmitax.com\/about\/#breadcrumb"},"inLanguage":"es-MX","potentialAction":[{"@type":"ReadAction","target":["https:\/\/jncimmitax.com\/about\/"]}]},{"@type":"BreadcrumbList","@id":"https:\/\/jncimmitax.com\/about\/#breadcrumb","itemListElement":[{"@type":"ListItem","position":1,"name":"Inicio","item":"https:\/\/jncimmitax.com\/"},{"@type":"ListItem","position":2,"name":"About"}]},{"@type":"WebSite","@id":"https:\/\/jncimmitax.com\/#website","url":"https:\/\/jncimmitax.com\/","name":"JNC | Legal Document Preparation Services in USA","description":"Family owned business, we provide Immigration forms preparation, Court Document preparation and Income Tax","publisher":{"@id":"https:\/\/jncimmitax.com\/#organization"},"potentialAction":[{"@type":"SearchAction","target":{"@type":"EntryPoint","urlTemplate":"https:\/\/jncimmitax.com\/?s={search_term_string}"},"query-input":"required name=search_term_string"}],"inLanguage":"es-MX"},{"@type":"Organization","@id":"https:\/\/jncimmitax.com\/#organization","name":"JNC | Legal Document Preparation Services in USA","url":"https:\/\/jncimmitax.com\/","logo":{"@type":"ImageObject","inLanguage":"es-MX","@id":"https:\/\/jncimmitax.com\/#\/schema\/logo\/image\/","url":"https:\/\/jncimmitax.com\/wp-content\/uploads\/2021\/11\/logo-green.svg","contentUrl":"https:\/\/jncimmitax.com\/wp-content\/uploads\/2021\/11\/logo-green.svg","width":86,"height":72,"caption":"JNC | Legal Document Preparation Services in USA"},"image":{"@id":"https:\/\/jncimmitax.com\/#\/schema\/logo\/image\/"},"sameAs":["https:\/\/www.facebook.com\/jncimmigration","https:\/\/www.instagram.com\/jncimmitax"]}]}},"_links":{"self":[{"href":"https:\/\/jncimmitax.com\/es\/wp-json\/wp\/v2\/pages\/14"}],"collection":[{"href":"https:\/\/jncimmitax.com\/es\/wp-json\/wp\/v2\/pages"}],"about":[{"href":"https:\/\/jncimmitax.com\/es\/wp-json\/wp\/v2\/types\/page"}],"author":[{"embeddable":true,"href":"https:\/\/jncimmitax.com\/es\/wp-json\/wp\/v2\/users\/1"}],"replies":[{"embeddable":true,"href":"https:\/\/jncimmitax.com\/es\/wp-json\/wp\/v2\/comments?post=14"}],"version-history":[{"count":18,"href":"https:\/\/jncimmitax.com\/es\/wp-json\/wp\/v2\/pages\/14\/revisions"}],"predecessor-version":[{"id":1595,"href":"https:\/\/jncimmitax.com\/es\/wp-json\/wp\/v2\/pages\/14\/revisions\/1595"}],"wp:featuredmedia":[{"embeddable":true,"href":"https:\/\/jncimmitax.com\/es\/wp-json\/wp\/v2\/media\/1443"}],"wp:attachment":[{"href":"https:\/\/jncimmitax.com\/es\/wp-json\/wp\/v2\/media?parent=14"}],"curies":[{"name":"wp","href":"https:\/\/api.w.org\/{rel}","templated":true}]}}